{"id":5483,"date":"2019-11-08T12:25:10","date_gmt":"2019-11-08T11:25:10","guid":{"rendered":"http:\/\/domenicaneiolo.org\/domenicane\/?page_id=5483"},"modified":"2019-11-08T12:48:10","modified_gmt":"2019-11-08T11:48:10","slug":"xii-capitolo-generale-2","status":"publish","type":"page","link":"https:\/\/domenicaneiolo.org\/domenicane\/capitolo\/xii-capitolo-generale-2\/","title":{"rendered":"XII CAPITOLO GENERALE"},"content":{"rendered":"<p><a href=\"https:\/\/domenicaneiolo.org\/domenicane\/wp-content\/uploads\/2019\/10\/Manifesto.jpg\" target=\"_blank\" rel=\"noopener noreferrer\"><img loading=\"lazy\" decoding=\"async\" class=\"alignright wp-image-4282\" src=\"https:\/\/domenicaneiolo.org\/domenicane\/wp-content\/uploads\/2019\/10\/Manifesto-214x300.jpg\" alt=\"\" width=\"202\" height=\"283\" srcset=\"https:\/\/domenicaneiolo.org\/domenicane\/wp-content\/uploads\/2019\/10\/Manifesto-214x300.jpg 214w, https:\/\/domenicaneiolo.org\/domenicane\/wp-content\/uploads\/2019\/10\/Manifesto.jpg 636w\" sizes=\"auto, (max-width: 202px) 100vw, 202px\" \/><\/a>Dal 17 al 30 ottobre si \u00e8 svolto il nostro <strong>XII Capitolo generale.<\/strong><\/p>\n<p>A coronamento degli ultimi tre anni di preparazione, sei anni dopo il precedente capitolo, ci siamo riunite guidate dal tema:<\/p>\n<p align=\"justify\"><strong>\u201cEcco la serva del Signore, avvenga per me secondo la tua parola (Lc 1,38). Come Maria, abitate dalla Parola, percorriamo la via alta della testimonianza e dell&#8217;annuncio\u201d<\/strong>.<\/p>\n<p align=\"justify\"><a href=\"https:\/\/domenicaneiolo.org\/domenicane\/wp-content\/uploads\/2019\/10\/IMG_2142.jpg\" target=\"_blank\" rel=\"noopener noreferrer\"><img loading=\"lazy\" decoding=\"async\" class=\"alignleft wp-image-5279\" src=\"https:\/\/domenicaneiolo.org\/domenicane\/wp-content\/uploads\/2019\/10\/IMG_2142-300x225.jpg\" alt=\"\" width=\"347\" height=\"260\" srcset=\"https:\/\/domenicaneiolo.org\/domenicane\/wp-content\/uploads\/2019\/10\/IMG_2142-300x225.jpg 300w, https:\/\/domenicaneiolo.org\/domenicane\/wp-content\/uploads\/2019\/10\/IMG_2142-768x576.jpg 768w, https:\/\/domenicaneiolo.org\/domenicane\/wp-content\/uploads\/2019\/10\/IMG_2142-1024x768.jpg 1024w\" sizes=\"auto, (max-width: 347px) 100vw, 347px\" \/><\/a><\/p>\n<p align=\"justify\">&nbsp;<\/p>\n<p align=\"justify\">Sono stati giorni molto intensi, di condivisione e confronto, in ascolto dello Spirito e della Parola, sotto la sguardo di Maria, guidate dal nostro Fondatore, il Servo di Dio Didaco Bessi.<\/p>\n<p align=\"justify\">&nbsp;<\/p>\n<p align=\"justify\">Il Capitolo, ogni sei anni, \u00e8 anche il luogo in cui tutte le Sorelle partecipanti, eleggono la Priora Generale e il suo Consiglio.<\/p>\n<p align=\"justify\">&nbsp;<\/p>\n<div id=\"attachment_5277\" style=\"width: 356px\" class=\"wp-caption alignright\"><a href=\"https:\/\/domenicaneiolo.org\/domenicane\/wp-content\/uploads\/2019\/10\/IMG_2138.jpg\" target=\"_blank\" rel=\"noopener noreferrer\"><img loading=\"lazy\" decoding=\"async\" aria-describedby=\"caption-attachment-5277\" class=\"wp-image-5277\" src=\"https:\/\/domenicaneiolo.org\/domenicane\/wp-content\/uploads\/2019\/10\/IMG_2138-300x225.jpg\" alt=\"\" width=\"346\" height=\"259\" srcset=\"https:\/\/domenicaneiolo.org\/domenicane\/wp-content\/uploads\/2019\/10\/IMG_2138-300x225.jpg 300w, https:\/\/domenicaneiolo.org\/domenicane\/wp-content\/uploads\/2019\/10\/IMG_2138-768x576.jpg 768w, https:\/\/domenicaneiolo.org\/domenicane\/wp-content\/uploads\/2019\/10\/IMG_2138-1024x768.jpg 1024w\" sizes=\"auto, (max-width: 346px) 100vw, 346px\" \/><\/a><p id=\"caption-attachment-5277\" class=\"wp-caption-text\">Consiglio generalizio precedente e attuale<\/p><\/div>\n<p align=\"justify\">Il nuovo \u201cgoverno\u201d della Congregazione, per i prossimi sei anni risulta composto da:<\/p>\n<ul>\n<li><strong>M. Maria Bernardetta Perdacciu<\/strong> &#8211; Priora Generale<\/li>\n<li><strong>sr. Sheeba Kalloor<\/strong> &#8211; Consigliera e Vicaria Generale<\/li>\n<li><strong>sr. Mary Arakkapambil<\/strong> &#8211; Consigliera<\/li>\n<li><strong>sr. Monika Sygnowska<\/strong> &#8211; Consigliera<\/li>\n<li><strong>sr. Josefina Dalia Rivera Cortez<\/strong> &#8211; Consigliera<\/li>\n<\/ul>\n<p align=\"justify\">A loro si aggiungono, scelte dalla Priora Generale con il suo Consiglio:<\/p>\n<ul>\n<li><strong>sr. Kathreenamma Lissy Tharayil<\/strong> &#8211; Economa Generale<\/li>\n<li><strong>sr. Maristella Marnati<\/strong> &#8211; Segretaria Generale<\/li>\n<\/ul>\n<p align=\"justify\">&nbsp;<\/p>\n<p align=\"justify\">Le prime due consigliere sono indiane, sr. Sheeba \u00e8 attualmente Vicaria dell&#8217;India; sr. Mary \u00e8 Priora della comunit\u00e0 di Bangalore. Sr. Monika \u00e8 polacca ed \u00e8 superiora della Comunit\u00e0 di Varsavia. Sr. Dalia \u00e8 ecuadoriana, appartiene alla comunit\u00e0 di Quito, dove segue la formazione delle aspiranti e postulanti (in questo momento ce ne sono 2). Il nuovo Consiglio \u00e8 volutamente rappresentativo delle zone del mondo dove sono le nostre comunit\u00e0 (Asia, Europa, America Latina). L&#8217;Economa Generale \u00e8 indiana, ma \u00e8 da molti anni in Italia, a Villa Martelli; \u00e8 economa di questa comunit\u00e0 e della Vicaria d&#8217;Europa. Sr. Maristella \u00e8 italiana, di Arluno (MI), sta a Villa Martelli e insegna religione alle scuole medie a Prato.<\/p>\n<p align=\"justify\">Sr. Dalia non era presente al Capitolo, arriver\u00e0 la prossima settimana dall&#8217;Ecuador per una prima riunione del Consiglio, quindi al momento non abbiamo foto del nuovo Consiglio al completo. Ma provvederemo appena possibile.<\/p>\n<p align=\"justify\">Alla Priora Generale M. Maria, alle Consigliere e alle altre collaboratrici, buon lavoro!<\/p>\n<p align=\"justify\">Accompagniamole e sosteniamole con la preghiera.<\/p>\n","protected":false},"excerpt":{"rendered":"<p>Dal 17 al 30 ottobre si \u00e8 svolto il nostro XII Capitolo generale. A coronamento degli ultimi tre anni di preparazione, sei anni dopo il precedente capitolo, ci siamo riunite guidate dal tema: \u201cEcco la serva del Signore, avvenga per me secondo la tua parola (Lc 1,38). Come Maria, abitate dalla Parola, percorriamo la via alta della testimonianza e dell&#8217;annuncio\u201d. &nbsp; Sono stati giorni molto intensi, di condivisione e confronto, in ascolto dello Spirito e della Parola, sotto la sguardo di Maria, guidate dal nostro Fondatore, il Servo di Dio Didaco Bessi. &nbsp; Il Capitolo, ogni sei anni, \u00e8 anche il luogo in cui tutte le Sorelle partecipanti, eleggono la Priora Generale e il suo Consiglio. &nbsp; Il nuovo \u201cgoverno\u201d della Congregazione, per i prossimi sei anni risulta composto da: M. Maria Bernardetta Perdacciu &#8211; Priora Generale sr. Sheeba Kalloor &#8211; Consigliera e Vicaria Generale sr. Mary Arakkapambil &#8211; Consigliera sr. Monika Sygnowska &#8211; Consigliera sr. Josefina Dalia Rivera Cortez &#8211; Consigliera A loro si aggiungono, scelte dalla Priora Generale con il suo Consiglio: sr. Kathreenamma Lissy Tharayil &#8211; Economa Generale sr. Maristella Marnati &#8211; Segretaria Generale &nbsp; Le prime due consigliere sono indiane, sr. Sheeba \u00e8 attualmente Vicaria dell&#8217;India; sr. Mary \u00e8 Priora della comunit\u00e0 di Bangalore. Sr. Monika \u00e8 polacca ed \u00e8 superiora della Comunit\u00e0 di Varsavia. Sr. Dalia \u00e8 ecuadoriana, appartiene alla comunit\u00e0 di Quito, dove segue la formazione delle aspiranti e postulanti (in questo momento ce ne sono 2). Il nuovo Consiglio \u00e8 volutamente rappresentativo delle zone del mondo dove sono le nostre comunit\u00e0 (Asia, Europa, America Latina). L&#8217;Economa Generale \u00e8 indiana, ma \u00e8 da molti anni in Italia, a Villa Martelli; \u00e8 economa di questa comunit\u00e0 e della Vicaria d&#8217;Europa. Sr. Maristella \u00e8 italiana, di Arluno (MI), sta a Villa Martelli e insegna religione alle scuole medie a Prato. Sr. Dalia non era presente al Capitolo, arriver\u00e0 la prossima settimana dall&#8217;Ecuador per una prima riunione del Consiglio, quindi al momento non abbiamo foto del nuovo Consiglio al completo. Ma provvederemo appena possibile. Alla Priora Generale M. Maria, alle Consigliere e alle altre collaboratrici, buon lavoro! Accompagniamole e sosteniamole con la preghiera.<\/p>\n","protected":false},"author":9,"featured_media":5279,"parent":4845,"menu_order":0,"comment_status":"closed","ping_status":"closed","template":"","meta":{"ngg_post_thumbnail":0,"footnotes":""},"class_list":["post-5483","page","type-page","status-publish","has-post-thumbnail","hentry"],"_links":{"self":[{"href":"https:\/\/domenicaneiolo.org\/domenicane\/wp-json\/wp\/v2\/pages\/5483","targetHints":{"allow":["GET"]}}],"collection":[{"href":"https:\/\/domenicaneiolo.org\/domenicane\/wp-json\/wp\/v2\/pages"}],"about":[{"href":"https:\/\/domenicaneiolo.org\/domenicane\/wp-json\/wp\/v2\/types\/page"}],"author":[{"embeddable":true,"href":"https:\/\/domenicaneiolo.org\/domenicane\/wp-json\/wp\/v2\/users\/9"}],"replies":[{"embeddable":true,"href":"https:\/\/domenicaneiolo.org\/domenicane\/wp-json\/wp\/v2\/comments?post=5483"}],"version-history":[{"count":4,"href":"https:\/\/domenicaneiolo.org\/domenicane\/wp-json\/wp\/v2\/pages\/5483\/revisions"}],"predecessor-version":[{"id":5487,"href":"https:\/\/domenicaneiolo.org\/domenicane\/wp-json\/wp\/v2\/pages\/5483\/revisions\/5487"}],"up":[{"embeddable":true,"href":"https:\/\/domenicaneiolo.org\/domenicane\/wp-json\/wp\/v2\/pages\/4845"}],"wp:featuredmedia":[{"embeddable":true,"href":"https:\/\/domenicaneiolo.org\/domenicane\/wp-json\/wp\/v2\/media\/5279"}],"wp:attachment":[{"href":"https:\/\/domenicaneiolo.org\/domenicane\/wp-json\/wp\/v2\/media?parent=5483"}],"curies":[{"name":"wp","href":"https:\/\/api.w.org\/{rel}","templated":true}]}}