{"id":568,"date":"2014-04-23T20:35:56","date_gmt":"2014-04-23T18:35:56","guid":{"rendered":"http:\/\/domenicaneiolo.org\/domenicane\/?page_id=568"},"modified":"2015-11-17T16:32:57","modified_gmt":"2015-11-17T15:32:57","slug":"iolo-villa-martelli","status":"publish","type":"page","link":"https:\/\/domenicaneiolo.org\/domenicane\/le-vecchie-comunita\/italia\/iolo\/iolo-villa-martelli\/","title":{"rendered":"Iolo, &#8220;Villa Martelli&#8221;"},"content":{"rendered":"<p style=\"text-align: justify;\">La comunit\u00e0 di Villa Martelli ha sede in una villa donata alla Congregazione dalla vedova Renzia Capodimonte in Martelli, appartenente ad una famiglia benestante del contado pratese, che aveva in questa casa una delle sue residenze estive. Giuseppe Martelli aveva sempre espresso la volont\u00e0 di donare questa villa alle Suore di Iolo e dopo la sua morte, avvenuta nella II guerra mondiale sul fronte come volontario, la moglie, che non aveva eredi diretti, quando era ancora in vita, all\u2019inizio degli anni Ottanta, rispett\u00f2 la volont\u00e0 del marito e lasci\u00f2 questa sua propriet\u00e0 alle Suore, che conosceva e stimava da sempre, perch\u00e9 la abitassero, ospitando in essa un\u2019opera che fosse di aiuto a donne in difficolt\u00e0, in linea con il carisma originario dell\u2019Istituto.<\/p>\n<p style=\"text-align: justify;\">Dopo i primi tempi, quando le Suore cercavano di capire quale fosse questa opera alla quale si erano impegnate, la provvidenza le indirizz\u00f2 verso l\u2019aiuto, con ospitalit\u00e0 residenziale, ad alcune donne con problemi psichici. Nacque cos\u00ec la Casa Famiglia Villa Martelli, che fin dagli inizi \u00e8 parte integrante della comunit\u00e0 religiosa.<\/p>\n<p style=\"text-align: justify;\">La villa fu scelta come Casa Generalizia e sede quindi della curia generalizia, poi pian piano la comunit\u00e0 si \u00e8 allargata e la sede della Comunit\u00e0 \u00e8 diventata anche Casa di Formazione. In essa quindi vive un gruppo numeroso di Sorelle, attualmente 32, che comprende: la Priora Generale, la Priora della Comunit\u00e0, la maestra di formazione, le Suore che si occupano direttamente della direzione e gestione della Casa Famiglia, le aspiranti, postulanti e novizie, le juniores che studiano in Italia, le sorelle di voti perpetui che lavorano nelle diverse attivit\u00e0 che fanno capo a Villa Martelli. La comunit\u00e0, infatti, \u00e8 anche punto di riferimento per la predicazione itinerante. Alcune sorelle, poi, lavorano in parrocchia, non solo a Iolo, per l\u2019animazione liturgica, la catechesi, le attivit\u00e0 per i giovani e le famiglie, la preparazione dei genitori per il battesimo dei loro figli, la catechesi per l\u2019iniziazione cristiana degli adulti. Altre sono impegnate in diversi ambiti della pastorale a livello diocesano. Villa Martelli \u00e8 anche sede di due associazioni di volontariato Onlus:<br \/>\n&#8211; l\u2019Associazione<strong> \u201cAmici del Rosari Convent\u201d<\/strong>, per l\u2019organizzazione degli aiuti alle nostre missioni, in particolare tramite le adozioni a distanza<br \/>\n&#8211; l\u2019Associazione<strong> \u201cIl Campo di Booz\u201d<\/strong>, per il sostegno a inserimenti socio-lavorativi e la raccolta di fondi per il finanziamento di progetti di solidariet\u00e0 sociale, tramite il recupero dell\u2019usato. Legati all\u2019attivit\u00e0 del \u201cCampo di Booz\u201d, nei locali della Villa si trovano un mercatino dell\u2019usato e due laboratori artigianali: il laboratorio artistico di sr. Presheela e il laboratorio di taglio e cucito, con annessa lavanderia, per le divise da lavoro degli operatori socio-sanitari. A inizio 2015 partir\u00e0 un terzo laboratorio, per la produzione di sapone attraverso il riutilizzo dell&#8217;olio da cucina esausto.<\/p>\n<p style=\"text-align: justify;\">________<\/p>\n","protected":false},"excerpt":{"rendered":"<p>La comunit\u00e0 di Villa Martelli ha sede in una villa donata alla Congregazione dalla vedova Renzia Capodimonte in Martelli, appartenente ad una famiglia benestante del contado pratese, che aveva in questa casa una delle sue residenze estive. Giuseppe Martelli aveva sempre espresso la volont\u00e0 di donare questa villa alle Suore di Iolo e dopo la sua morte, avvenuta nella II guerra mondiale sul fronte come volontario, la moglie, che non aveva eredi diretti, quando era ancora in vita, all\u2019inizio degli anni Ottanta, rispett\u00f2 la volont\u00e0 del marito e lasci\u00f2 questa sua propriet\u00e0 alle Suore, che conosceva e stimava da sempre, perch\u00e9 la abitassero, ospitando in essa un\u2019opera che fosse di aiuto a donne in difficolt\u00e0, in linea con il carisma originario dell\u2019Istituto. Dopo i primi tempi, quando le Suore cercavano di capire quale fosse questa opera alla quale si erano impegnate, la provvidenza le indirizz\u00f2 verso l\u2019aiuto, con ospitalit\u00e0 residenziale, ad alcune donne con problemi psichici. Nacque cos\u00ec la Casa Famiglia Villa Martelli, che fin dagli inizi \u00e8 parte integrante della comunit\u00e0 religiosa. La villa fu scelta come Casa Generalizia e sede quindi della curia generalizia, poi pian piano la comunit\u00e0 si \u00e8 allargata e la sede della Comunit\u00e0 \u00e8 diventata anche Casa di Formazione. In essa quindi vive un gruppo numeroso di Sorelle, attualmente 32, che comprende: la Priora Generale, la Priora della Comunit\u00e0, la maestra di formazione, le Suore che si occupano direttamente della direzione e gestione della Casa Famiglia, le aspiranti, postulanti e novizie, le juniores che studiano in Italia, le sorelle di voti perpetui che lavorano nelle diverse attivit\u00e0 che fanno capo a Villa Martelli. La comunit\u00e0, infatti, \u00e8 anche punto di riferimento per la predicazione itinerante. Alcune sorelle, poi, lavorano in parrocchia, non solo a Iolo, per l\u2019animazione liturgica, la catechesi, le attivit\u00e0 per i giovani e le famiglie, la preparazione dei genitori per il battesimo dei loro figli, la catechesi per l\u2019iniziazione cristiana degli adulti. Altre sono impegnate in diversi ambiti della pastorale a livello diocesano. Villa Martelli \u00e8 anche sede di due associazioni di volontariato Onlus: &#8211; l\u2019Associazione \u201cAmici del Rosari Convent\u201d, per l\u2019organizzazione degli aiuti alle nostre missioni, in particolare tramite le adozioni a distanza &#8211; l\u2019Associazione \u201cIl Campo di Booz\u201d, per il sostegno a inserimenti socio-lavorativi e la raccolta di fondi per il finanziamento di progetti di solidariet\u00e0 sociale, tramite il recupero dell\u2019usato. Legati all\u2019attivit\u00e0 del \u201cCampo di Booz\u201d, nei locali della Villa si trovano un mercatino dell\u2019usato e due laboratori artigianali: il laboratorio artistico di sr. Presheela e il laboratorio di taglio e cucito, con annessa lavanderia, per le divise da lavoro degli operatori socio-sanitari. A inizio 2015 partir\u00e0 un terzo laboratorio, per la produzione di sapone attraverso il riutilizzo dell&#8217;olio da cucina esausto. ________<\/p>\n","protected":false},"author":2,"featured_media":0,"parent":157,"menu_order":0,"comment_status":"closed","ping_status":"closed","template":"","meta":{"ngg_post_thumbnail":0,"footnotes":""},"class_list":["post-568","page","type-page","status-publish","hentry"],"_links":{"self":[{"href":"https:\/\/domenicaneiolo.org\/domenicane\/wp-json\/wp\/v2\/pages\/568","targetHints":{"allow":["GET"]}}],"collection":[{"href":"https:\/\/domenicaneiolo.org\/domenicane\/wp-json\/wp\/v2\/pages"}],"about":[{"href":"https:\/\/domenicaneiolo.org\/domenicane\/wp-json\/wp\/v2\/types\/page"}],"author":[{"embeddable":true,"href":"https:\/\/domenicaneiolo.org\/domenicane\/wp-json\/wp\/v2\/users\/2"}],"replies":[{"embeddable":true,"href":"https:\/\/domenicaneiolo.org\/domenicane\/wp-json\/wp\/v2\/comments?post=568"}],"version-history":[{"count":5,"href":"https:\/\/domenicaneiolo.org\/domenicane\/wp-json\/wp\/v2\/pages\/568\/revisions"}],"predecessor-version":[{"id":1593,"href":"https:\/\/domenicaneiolo.org\/domenicane\/wp-json\/wp\/v2\/pages\/568\/revisions\/1593"}],"up":[{"embeddable":true,"href":"https:\/\/domenicaneiolo.org\/domenicane\/wp-json\/wp\/v2\/pages\/157"}],"wp:attachment":[{"href":"https:\/\/domenicaneiolo.org\/domenicane\/wp-json\/wp\/v2\/media?parent=568"}],"curies":[{"name":"wp","href":"https:\/\/api.w.org\/{rel}","templated":true}]}}